{"id":879,"date":"2020-10-26T17:13:10","date_gmt":"2020-11-22T16:20:28","guid":{"rendered":"https:\/\/schinkenliebhaber.ch\/product\/prim-iberico-filet\/"},"modified":"2020-11-22T16:20:28","modified_gmt":"2020-11-22T16:20:28","slug":"prim-iberico-tenderloin-2","status":"publish","type":"product","link":"https:\/\/schinkenliebhaber.ch\/en\/produkt\/prim-iberico-tenderloin-2\/","title":{"rendered":"Prim Iberico Filet"},"content":{"rendered":"<p>Diese leckeren Filetw\u00fcrste, auf Spanisch als Lomo Iberico bekannt, reiften mindestens f\u00fcr vier Monate. D\u00fcnn schneiden und genie\u00dfen. Gro\u00dfartig als Aperitif. Passt gut zu Rotwein.<\/p>\n","protected":false},"excerpt":{"rendered":"<p>Diese leckeren Filetw\u00fcrste, auf Spanisch als Lomo Iberico bekannt, reiften mindestens f\u00fcr vier Monate. D\u00fcnn schneiden und genie\u00dfen. Gro\u00dfartig als Aperitif. Passt gut zu Rotwein.<\/p>\n","protected":false},"featured_media":554,"comment_status":"closed","ping_status":"closed","template":"","meta":[],"product_brand":[],"product_cat":[15],"product_tag":[],"class_list":{"0":"post-879","1":"product","2":"type-product","3":"status-publish","4":"has-post-thumbnail","6":"product_cat-uncategorized","8":"first","9":"instock","10":"shipping-taxable","11":"purchasable","12":"product-type-variable","13":"has-default-attributes"},"_links":{"self":[{"href":"https:\/\/schinkenliebhaber.ch\/en\/wp-json\/wp\/v2\/product\/879","targetHints":{"allow":["GET"]}}],"collection":[{"href":"https:\/\/schinkenliebhaber.ch\/en\/wp-json\/wp\/v2\/product"}],"about":[{"href":"https:\/\/schinkenliebhaber.ch\/en\/wp-json\/wp\/v2\/types\/product"}],"replies":[{"embeddable":true,"href":"https:\/\/schinkenliebhaber.ch\/en\/wp-json\/wp\/v2\/comments?post=879"}],"wp:featuredmedia":[{"embeddable":true,"href":"https:\/\/schinkenliebhaber.ch\/en\/wp-json\/wp\/v2\/media\/554"}],"wp:attachment":[{"href":"https:\/\/schinkenliebhaber.ch\/en\/wp-json\/wp\/v2\/media?parent=879"}],"wp:term":[{"taxonomy":"product_brand","embeddable":true,"href":"https:\/\/schinkenliebhaber.ch\/en\/wp-json\/wp\/v2\/product_brand?post=879"},{"taxonomy":"product_cat","embeddable":true,"href":"https:\/\/schinkenliebhaber.ch\/en\/wp-json\/wp\/v2\/product_cat?post=879"},{"taxonomy":"product_tag","embeddable":true,"href":"https:\/\/schinkenliebhaber.ch\/en\/wp-json\/wp\/v2\/product_tag?post=879"}],"curies":[{"name":"wp","href":"https:\/\/api.w.org\/{rel}","templated":true}]}}